{"id":11688,"date":"2023-01-27T14:07:48","date_gmt":"2023-01-27T13:07:48","guid":{"rendered":"https:\/\/dev.reprocover.eu\/product\/wings-for-living\/"},"modified":"2023-01-27T14:07:48","modified_gmt":"2023-01-27T13:07:48","slug":"wings-for-living","status":"publish","type":"product","link":"https:\/\/reprocover.eu\/de\/produkt\/wings-for-living\/","title":{"rendered":"Wings for living"},"content":{"rendered":"<p>Um uns in eine kreislauforientierte und nachhaltige Logik einzuf\u00fcgen, haben wir uns mit der Marke Wings for living zusammengeschlossen, die Au\u00dfeneinrichtungen aus recycelten Windradbl\u00e4ttern herstellt. Als offizieller Benelux-H\u00e4ndler von Wings for living repr\u00e4sentiert Reprocover deren Sortiment an Designm\u00f6beln f\u00fcr den Au\u00dfenbereich.<\/p>\n","protected":false},"excerpt":{"rendered":"<p>Als offizieller H\u00e4ndler von <a href=\"https:\/\/wings-for-living.de\" target=\"_blank\" rel=\"noopener\">Wings for living<\/a> f\u00fcr die Benelux-L\u00e4nder bietet Reprocover Ihnen die M\u00f6glichkeit, das Sortiment an Outdoor-M\u00f6beln zu entdecken, die aus recycelten Windradbl\u00e4ttern hergestellt werden. St\u00fchle, Tische und B\u00e4nke f\u00fcr den Au\u00dfenbereich wurden von Wings for living entwickelt, um den Bl\u00e4ttern von Windkraftanlagen ein zweites Leben zu geben und so zu verhindern, dass sie unter der Erde vergraben werden. <a href=\"mailto:info@reprocover.eu\">Kontaktieren Sie uns<\/a>, um mehr dar\u00fcber zu erfahren.<\/p>\n","protected":false},"featured_media":11339,"comment_status":"closed","ping_status":"closed","template":"","meta":[],"product_brand":[],"product_cat":[242],"product_tag":[248,243,244,260],"class_list":{"0":"post-11688","1":"product","2":"type-product","3":"status-publish","4":"has-post-thumbnail","6":"product_cat-stadtisch","7":"product_tag-aussen-de","8":"product_tag-einrichtung","9":"product_tag-stadtisch","10":"product_tag-windkraftanlage","12":"first","13":"instock","14":"shipping-taxable","15":"product-type-simple"},"_links":{"self":[{"href":"https:\/\/reprocover.eu\/de\/wp-json\/wp\/v2\/product\/11688","targetHints":{"allow":["GET"]}}],"collection":[{"href":"https:\/\/reprocover.eu\/de\/wp-json\/wp\/v2\/product"}],"about":[{"href":"https:\/\/reprocover.eu\/de\/wp-json\/wp\/v2\/types\/product"}],"replies":[{"embeddable":true,"href":"https:\/\/reprocover.eu\/de\/wp-json\/wp\/v2\/comments?post=11688"}],"wp:featuredmedia":[{"embeddable":true,"href":"https:\/\/reprocover.eu\/de\/wp-json\/wp\/v2\/media\/11339"}],"wp:attachment":[{"href":"https:\/\/reprocover.eu\/de\/wp-json\/wp\/v2\/media?parent=11688"}],"wp:term":[{"taxonomy":"product_brand","embeddable":true,"href":"https:\/\/reprocover.eu\/de\/wp-json\/wp\/v2\/product_brand?post=11688"},{"taxonomy":"product_cat","embeddable":true,"href":"https:\/\/reprocover.eu\/de\/wp-json\/wp\/v2\/product_cat?post=11688"},{"taxonomy":"product_tag","embeddable":true,"href":"https:\/\/reprocover.eu\/de\/wp-json\/wp\/v2\/product_tag?post=11688"}],"curies":[{"name":"wp","href":"https:\/\/api.w.org\/{rel}","templated":true}]}}