{"id":11654,"date":"2023-01-17T10:19:08","date_gmt":"2023-01-17T09:19:08","guid":{"rendered":"https:\/\/dev.reprocover.eu\/product\/ventilschutz-erhorung\/"},"modified":"2023-01-17T10:19:08","modified_gmt":"2023-01-17T09:19:08","slug":"ventilschutz-erhorung","status":"publish","type":"product","link":"https:\/\/reprocover.eu\/de\/produkt\/ventilschutz-erhorung\/","title":{"rendered":"Ventilschutz &#8211; Erh\u00f6rung"},"content":{"rendered":"<p>Reprocover-Produkte werden aus RTS (Recycled Duroplast Plastics) hergestellt. Diese Recyclingl\u00f6sung bietet eine Alternative zu Beton oder Verbundwerkstoffen und bietet ein nachhaltiges und zirkul\u00e4res Produkt.<\/p>\n","protected":false},"excerpt":{"rendered":"<p>Ein Ventilschutz, die eine leichte Handhabung des Wasserventils unter der Erde erm\u00f6glicht, wodurch Zug\u00e4nglichkeit und Schmutzfreiheit gew\u00e4hrleistet werden. Ventilschutz, Erh\u00f6hungen und Rahmen sind als Set oder einzeln erh\u00e4ltlich.<\/p>\n","protected":false},"featured_media":11183,"comment_status":"closed","ping_status":"closed","template":"","meta":[],"product_brand":[],"product_cat":[236],"product_tag":[241,237,239],"class_list":{"0":"post-11654","1":"product","2":"type-product","3":"status-publish","4":"has-post-thumbnail","6":"product_cat-hydrant-de","7":"product_tag-erhohung","8":"product_tag-hydrant-de","9":"product_tag-ventil","11":"first","12":"instock","13":"shipping-taxable","14":"product-type-simple"},"_links":{"self":[{"href":"https:\/\/reprocover.eu\/de\/wp-json\/wp\/v2\/product\/11654","targetHints":{"allow":["GET"]}}],"collection":[{"href":"https:\/\/reprocover.eu\/de\/wp-json\/wp\/v2\/product"}],"about":[{"href":"https:\/\/reprocover.eu\/de\/wp-json\/wp\/v2\/types\/product"}],"replies":[{"embeddable":true,"href":"https:\/\/reprocover.eu\/de\/wp-json\/wp\/v2\/comments?post=11654"}],"wp:featuredmedia":[{"embeddable":true,"href":"https:\/\/reprocover.eu\/de\/wp-json\/wp\/v2\/media\/11183"}],"wp:attachment":[{"href":"https:\/\/reprocover.eu\/de\/wp-json\/wp\/v2\/media?parent=11654"}],"wp:term":[{"taxonomy":"product_brand","embeddable":true,"href":"https:\/\/reprocover.eu\/de\/wp-json\/wp\/v2\/product_brand?post=11654"},{"taxonomy":"product_cat","embeddable":true,"href":"https:\/\/reprocover.eu\/de\/wp-json\/wp\/v2\/product_cat?post=11654"},{"taxonomy":"product_tag","embeddable":true,"href":"https:\/\/reprocover.eu\/de\/wp-json\/wp\/v2\/product_tag?post=11654"}],"curies":[{"name":"wp","href":"https:\/\/api.w.org\/{rel}","templated":true}]}}