{"id":11651,"date":"2023-01-17T09:48:54","date_gmt":"2023-01-17T08:48:54","guid":{"rendered":"https:\/\/dev.reprocover.eu\/product\/feuerhydrant-schacht\/"},"modified":"2023-01-17T09:48:54","modified_gmt":"2023-01-17T08:48:54","slug":"feuerhydrant-schacht","status":"publish","type":"product","link":"https:\/\/reprocover.eu\/de\/produkt\/feuerhydrant-schacht\/","title":{"rendered":"Feuerhydrant &#8211; Schacht"},"content":{"rendered":"<p>Reprocover-Produkte werden aus RTS (Recycled Duroplast Plastics) hergestellt. Diese Recyclingl\u00f6sung bietet eine Alternative zu Beton oder Verbundwerkstoffen und bietet ein nachhaltiges und zirkul\u00e4res Produkt.<\/p>\n","protected":false},"excerpt":{"rendered":"<p>Dank der Halterungen, die \u00fcbereinandergestapelt werden k\u00f6nnen, kann unser Hydrantschutz an Ihre Bed\u00fcrfnisse angepasst werden. Rahmen, Sch\u00e4chte und Erh\u00f6hungen sind separat oder als Set erh\u00e4ltlich.<\/p>\n","protected":false},"featured_media":11243,"comment_status":"closed","ping_status":"closed","template":"","meta":[],"product_brand":[],"product_cat":[236],"product_tag":[238,237,254],"class_list":{"0":"post-11651","1":"product","2":"type-product","3":"status-publish","4":"has-post-thumbnail","6":"product_cat-hydrant-de","7":"product_tag-feuer","8":"product_tag-hydrant-de","9":"product_tag-schacht-de","11":"first","12":"instock","13":"shipping-taxable","14":"product-type-simple"},"_links":{"self":[{"href":"https:\/\/reprocover.eu\/de\/wp-json\/wp\/v2\/product\/11651","targetHints":{"allow":["GET"]}}],"collection":[{"href":"https:\/\/reprocover.eu\/de\/wp-json\/wp\/v2\/product"}],"about":[{"href":"https:\/\/reprocover.eu\/de\/wp-json\/wp\/v2\/types\/product"}],"replies":[{"embeddable":true,"href":"https:\/\/reprocover.eu\/de\/wp-json\/wp\/v2\/comments?post=11651"}],"wp:featuredmedia":[{"embeddable":true,"href":"https:\/\/reprocover.eu\/de\/wp-json\/wp\/v2\/media\/11243"}],"wp:attachment":[{"href":"https:\/\/reprocover.eu\/de\/wp-json\/wp\/v2\/media?parent=11651"}],"wp:term":[{"taxonomy":"product_brand","embeddable":true,"href":"https:\/\/reprocover.eu\/de\/wp-json\/wp\/v2\/product_brand?post=11651"},{"taxonomy":"product_cat","embeddable":true,"href":"https:\/\/reprocover.eu\/de\/wp-json\/wp\/v2\/product_cat?post=11651"},{"taxonomy":"product_tag","embeddable":true,"href":"https:\/\/reprocover.eu\/de\/wp-json\/wp\/v2\/product_tag?post=11651"}],"curies":[{"name":"wp","href":"https:\/\/api.w.org\/{rel}","templated":true}]}}