{"id":11649,"date":"2023-01-16T15:16:17","date_gmt":"2023-01-16T14:16:17","guid":{"rendered":"https:\/\/dev.reprocover.eu\/product\/abdeckung-infrabel-280\/"},"modified":"2023-01-16T15:16:17","modified_gmt":"2023-01-16T14:16:17","slug":"abdeckung-infrabel-280","status":"publish","type":"product","link":"https:\/\/reprocover.eu\/de\/produkt\/abdeckung-infrabel-280\/","title":{"rendered":"Abdeckung Infrabel 280"},"content":{"rendered":"<p>Reprocover-Produkte werden aus RTS (Recycled Duroplast Plastics) hergestellt. Diese Recyclingl\u00f6sung bietet eine Alternative zu Beton oder Verbundwerkstoffen und bietet ein nachhaltiges und zirkul\u00e4res Produkt.<\/p>\n","protected":false},"excerpt":{"rendered":"<p>Die Abdeckung Infrabel 280 kann \u00fcber Kabeldurchf\u00fchrungen angebracht werden, kann aber auch als Fu\u00dfg\u00e4nger\u00fcberweg verwendet werden. Sie kann m\u00fchelos an unterirdische und oberirdische Installationen angepasst werden.<\/p>\n","protected":false},"featured_media":11213,"comment_status":"closed","ping_status":"closed","template":"","meta":[],"product_brand":[],"product_cat":[221],"product_tag":[252,225,226],"class_list":{"0":"post-11649","1":"product","2":"type-product","3":"status-publish","4":"has-post-thumbnail","6":"product_cat-rinne","7":"product_tag-280-de","8":"product_tag-abdeckung","9":"product_tag-infrabel-de","11":"first","12":"instock","13":"shipping-taxable","14":"product-type-simple"},"_links":{"self":[{"href":"https:\/\/reprocover.eu\/de\/wp-json\/wp\/v2\/product\/11649","targetHints":{"allow":["GET"]}}],"collection":[{"href":"https:\/\/reprocover.eu\/de\/wp-json\/wp\/v2\/product"}],"about":[{"href":"https:\/\/reprocover.eu\/de\/wp-json\/wp\/v2\/types\/product"}],"replies":[{"embeddable":true,"href":"https:\/\/reprocover.eu\/de\/wp-json\/wp\/v2\/comments?post=11649"}],"wp:featuredmedia":[{"embeddable":true,"href":"https:\/\/reprocover.eu\/de\/wp-json\/wp\/v2\/media\/11213"}],"wp:attachment":[{"href":"https:\/\/reprocover.eu\/de\/wp-json\/wp\/v2\/media?parent=11649"}],"wp:term":[{"taxonomy":"product_brand","embeddable":true,"href":"https:\/\/reprocover.eu\/de\/wp-json\/wp\/v2\/product_brand?post=11649"},{"taxonomy":"product_cat","embeddable":true,"href":"https:\/\/reprocover.eu\/de\/wp-json\/wp\/v2\/product_cat?post=11649"},{"taxonomy":"product_tag","embeddable":true,"href":"https:\/\/reprocover.eu\/de\/wp-json\/wp\/v2\/product_tag?post=11649"}],"curies":[{"name":"wp","href":"https:\/\/api.w.org\/{rel}","templated":true}]}}