{"id":11645,"date":"2022-12-29T11:23:21","date_gmt":"2022-12-29T10:23:21","guid":{"rendered":"https:\/\/dev.reprocover.eu\/product\/blumenkasten\/"},"modified":"2022-12-29T11:23:21","modified_gmt":"2022-12-29T10:23:21","slug":"blumenkasten","status":"publish","type":"product","link":"https:\/\/reprocover.eu\/de\/produkt\/blumenkasten\/","title":{"rendered":"Blumenkasten"},"content":{"rendered":"<p>Reprocover-Produkte werden aus RTS (Recycled Duroplast Plastics) hergestellt. Diese Recyclingl\u00f6sung bietet eine Alternative zu Beton oder Verbundwerkstoffen und bietet ein nachhaltiges und zirkul\u00e4res Produkt.<\/p>\n","protected":false},"excerpt":{"rendered":"<p>Dank unserer durchl\u00e4ssigen und modulierbaren recycelten Halterungen k\u00f6nnen Sie perfekte Blumenk\u00e4sten kreieren, um Ihre Au\u00dfenbereiche zu versch\u00f6nern. Diese sind in zwei Formaten erh\u00e4ltlich: Basis 450 mm oder Basis 600 mm.<\/p>\n","protected":false},"featured_media":11171,"comment_status":"closed","ping_status":"closed","template":"","meta":[],"product_brand":[],"product_cat":[242],"product_tag":[246,243,245,244],"class_list":{"0":"post-11645","1":"product","2":"type-product","3":"status-publish","4":"has-post-thumbnail","6":"product_cat-stadtisch","7":"product_tag-blumen","8":"product_tag-einrichtung","9":"product_tag-kaste","10":"product_tag-stadtisch","12":"first","13":"instock","14":"shipping-taxable","15":"product-type-simple"},"_links":{"self":[{"href":"https:\/\/reprocover.eu\/de\/wp-json\/wp\/v2\/product\/11645","targetHints":{"allow":["GET"]}}],"collection":[{"href":"https:\/\/reprocover.eu\/de\/wp-json\/wp\/v2\/product"}],"about":[{"href":"https:\/\/reprocover.eu\/de\/wp-json\/wp\/v2\/types\/product"}],"replies":[{"embeddable":true,"href":"https:\/\/reprocover.eu\/de\/wp-json\/wp\/v2\/comments?post=11645"}],"wp:featuredmedia":[{"embeddable":true,"href":"https:\/\/reprocover.eu\/de\/wp-json\/wp\/v2\/media\/11171"}],"wp:attachment":[{"href":"https:\/\/reprocover.eu\/de\/wp-json\/wp\/v2\/media?parent=11645"}],"wp:term":[{"taxonomy":"product_brand","embeddable":true,"href":"https:\/\/reprocover.eu\/de\/wp-json\/wp\/v2\/product_brand?post=11645"},{"taxonomy":"product_cat","embeddable":true,"href":"https:\/\/reprocover.eu\/de\/wp-json\/wp\/v2\/product_cat?post=11645"},{"taxonomy":"product_tag","embeddable":true,"href":"https:\/\/reprocover.eu\/de\/wp-json\/wp\/v2\/product_tag?post=11645"}],"curies":[{"name":"wp","href":"https:\/\/api.w.org\/{rel}","templated":true}]}}