{"id":11641,"date":"2022-12-29T11:04:02","date_gmt":"2022-12-29T10:04:02","guid":{"rendered":"https:\/\/dev.reprocover.eu\/product\/feuerhydrant\/"},"modified":"2023-03-21T13:59:37","modified_gmt":"2023-03-21T12:59:37","slug":"feuerhydrant","status":"publish","type":"product","link":"https:\/\/reprocover.eu\/de\/produkt\/feuerhydrant\/","title":{"rendered":"Feuerhydrant"},"content":{"rendered":"<p>Reprocover-Produkte werden aus RTS (Recycled Duroplast Plastics) hergestellt. Diese Recyclingl\u00f6sung bietet eine Alternative zu Beton oder Verbundwerkstoffen und bietet ein nachhaltiges und zirkul\u00e4res Produkt.<\/p>\n","protected":false},"excerpt":{"rendered":"<p>Dank der \u00fcbereinander stapelbaren Halterungen l\u00e4sst sich unser Hydrantschutz an Ihre Bed\u00fcrfnisse anpassen. Einfassungen, Sch\u00e4chte und Aufs\u00e4tze k\u00f6nnen einzeln oder als Set gekauft werden<\/p>\n","protected":false},"featured_media":11192,"comment_status":"closed","ping_status":"closed","template":"","meta":[],"product_brand":[],"product_cat":[236],"product_tag":[238,237],"class_list":{"0":"post-11641","1":"product","2":"type-product","3":"status-publish","4":"has-post-thumbnail","6":"product_cat-hydrant-de","7":"product_tag-feuer","8":"product_tag-hydrant-de","10":"first","11":"instock","12":"shipping-taxable","13":"product-type-simple"},"_links":{"self":[{"href":"https:\/\/reprocover.eu\/de\/wp-json\/wp\/v2\/product\/11641","targetHints":{"allow":["GET"]}}],"collection":[{"href":"https:\/\/reprocover.eu\/de\/wp-json\/wp\/v2\/product"}],"about":[{"href":"https:\/\/reprocover.eu\/de\/wp-json\/wp\/v2\/types\/product"}],"replies":[{"embeddable":true,"href":"https:\/\/reprocover.eu\/de\/wp-json\/wp\/v2\/comments?post=11641"}],"wp:featuredmedia":[{"embeddable":true,"href":"https:\/\/reprocover.eu\/de\/wp-json\/wp\/v2\/media\/11192"}],"wp:attachment":[{"href":"https:\/\/reprocover.eu\/de\/wp-json\/wp\/v2\/media?parent=11641"}],"wp:term":[{"taxonomy":"product_brand","embeddable":true,"href":"https:\/\/reprocover.eu\/de\/wp-json\/wp\/v2\/product_brand?post=11641"},{"taxonomy":"product_cat","embeddable":true,"href":"https:\/\/reprocover.eu\/de\/wp-json\/wp\/v2\/product_cat?post=11641"},{"taxonomy":"product_tag","embeddable":true,"href":"https:\/\/reprocover.eu\/de\/wp-json\/wp\/v2\/product_tag?post=11641"}],"curies":[{"name":"wp","href":"https:\/\/api.w.org\/{rel}","templated":true}]}}