{"id":11640,"date":"2022-12-29T10:57:11","date_gmt":"2022-12-29T09:57:11","guid":{"rendered":"https:\/\/dev.reprocover.eu\/product\/bahnubergan\/"},"modified":"2023-03-21T13:59:24","modified_gmt":"2023-03-21T12:59:24","slug":"bahnubergan","status":"publish","type":"product","link":"https:\/\/reprocover.eu\/de\/produkt\/bahnubergan\/","title":{"rendered":"Bahn\u00fcbergan"},"content":{"rendered":"<p>Reprocover-Produkte werden aus RTS (Recycled Duroplast Plastics) hergestellt. Diese Recyclingl\u00f6sung bietet eine Alternative zu Beton oder Verbundwerkstoffen und bietet ein nachhaltiges und zirkul\u00e4res Produkt.<\/p>\n","protected":false},"excerpt":{"rendered":"<p>Unser Bahn\u00fcbergang ist auf Ihre Bed\u00fcrfnisse zugeschnitten. Dank seines speziellen Verriegelungssystems kann dieser Stra\u00dfen- und\/oder Fu\u00dfg\u00e4ngerbelag einfach aufgetragen werden.<\/p>\n","protected":false},"featured_media":11234,"comment_status":"closed","ping_status":"closed","template":"","meta":[],"product_brand":[],"product_cat":[231],"product_tag":[233,234,232,235],"class_list":{"0":"post-11640","1":"product","2":"type-product","3":"status-publish","4":"has-post-thumbnail","6":"product_cat-bahnubergang","7":"product_tag-bahn","8":"product_tag-fussganger","9":"product_tag-ubergang","10":"product_tag-zug","12":"first","13":"instock","14":"shipping-taxable","15":"product-type-simple"},"_links":{"self":[{"href":"https:\/\/reprocover.eu\/de\/wp-json\/wp\/v2\/product\/11640","targetHints":{"allow":["GET"]}}],"collection":[{"href":"https:\/\/reprocover.eu\/de\/wp-json\/wp\/v2\/product"}],"about":[{"href":"https:\/\/reprocover.eu\/de\/wp-json\/wp\/v2\/types\/product"}],"replies":[{"embeddable":true,"href":"https:\/\/reprocover.eu\/de\/wp-json\/wp\/v2\/comments?post=11640"}],"wp:featuredmedia":[{"embeddable":true,"href":"https:\/\/reprocover.eu\/de\/wp-json\/wp\/v2\/media\/11234"}],"wp:attachment":[{"href":"https:\/\/reprocover.eu\/de\/wp-json\/wp\/v2\/media?parent=11640"}],"wp:term":[{"taxonomy":"product_brand","embeddable":true,"href":"https:\/\/reprocover.eu\/de\/wp-json\/wp\/v2\/product_brand?post=11640"},{"taxonomy":"product_cat","embeddable":true,"href":"https:\/\/reprocover.eu\/de\/wp-json\/wp\/v2\/product_cat?post=11640"},{"taxonomy":"product_tag","embeddable":true,"href":"https:\/\/reprocover.eu\/de\/wp-json\/wp\/v2\/product_tag?post=11640"}],"curies":[{"name":"wp","href":"https:\/\/api.w.org\/{rel}","templated":true}]}}