{"id":11639,"date":"2022-12-29T10:54:47","date_gmt":"2022-12-29T09:54:47","guid":{"rendered":"https:\/\/dev.reprocover.eu\/product\/abdeckung-infrabel-220\/"},"modified":"2023-03-21T13:59:13","modified_gmt":"2023-03-21T12:59:13","slug":"abdeckung-infrabel-220","status":"publish","type":"product","link":"https:\/\/reprocover.eu\/de\/produkt\/abdeckung-infrabel-220\/","title":{"rendered":"Abdeckung Infrabel 220"},"content":{"rendered":"<p>Reprocover-Produkte werden aus RTS (Recycled Duroplast Plastics) hergestellt. Diese Recyclingl\u00f6sung bietet eine Alternative zu Beton oder Verbundwerkstoffen und bietet ein nachhaltiges und zirkul\u00e4res Produkt.<\/p>\n","protected":false},"excerpt":{"rendered":"<p>Die Abdeckung Infrabel 220 kann auf Kabeldurchf\u00fchrungen angebracht werden, kann aber auch als \u00dcbergang verwendet werden. Sie kann sowohl f\u00fcr unterirdische als auch f\u00fcr oberirdische Installationen leicht angepasst werden.<\/p>\n","protected":false},"featured_media":11216,"comment_status":"closed","ping_status":"closed","template":"","meta":[],"product_brand":[],"product_cat":[221],"product_tag":[230,225,226],"class_list":{"0":"post-11639","1":"product","2":"type-product","3":"status-publish","4":"has-post-thumbnail","6":"product_cat-rinne","7":"product_tag-220-de","8":"product_tag-abdeckung","9":"product_tag-infrabel-de","11":"first","12":"instock","13":"shipping-taxable","14":"product-type-simple"},"_links":{"self":[{"href":"https:\/\/reprocover.eu\/de\/wp-json\/wp\/v2\/product\/11639","targetHints":{"allow":["GET"]}}],"collection":[{"href":"https:\/\/reprocover.eu\/de\/wp-json\/wp\/v2\/product"}],"about":[{"href":"https:\/\/reprocover.eu\/de\/wp-json\/wp\/v2\/types\/product"}],"replies":[{"embeddable":true,"href":"https:\/\/reprocover.eu\/de\/wp-json\/wp\/v2\/comments?post=11639"}],"wp:featuredmedia":[{"embeddable":true,"href":"https:\/\/reprocover.eu\/de\/wp-json\/wp\/v2\/media\/11216"}],"wp:attachment":[{"href":"https:\/\/reprocover.eu\/de\/wp-json\/wp\/v2\/media?parent=11639"}],"wp:term":[{"taxonomy":"product_brand","embeddable":true,"href":"https:\/\/reprocover.eu\/de\/wp-json\/wp\/v2\/product_brand?post=11639"},{"taxonomy":"product_cat","embeddable":true,"href":"https:\/\/reprocover.eu\/de\/wp-json\/wp\/v2\/product_cat?post=11639"},{"taxonomy":"product_tag","embeddable":true,"href":"https:\/\/reprocover.eu\/de\/wp-json\/wp\/v2\/product_tag?post=11639"}],"curies":[{"name":"wp","href":"https:\/\/api.w.org\/{rel}","templated":true}]}}