{"id":11636,"date":"2023-01-31T09:04:07","date_gmt":"2023-01-31T08:04:07","guid":{"rendered":"https:\/\/dev.reprocover.eu\/product\/abdeckung-rinne-infrabel-innen\/"},"modified":"2023-03-21T14:00:30","modified_gmt":"2023-03-21T13:00:30","slug":"abdeckung-rinne-infrabel-innen","status":"publish","type":"product","link":"https:\/\/reprocover.eu\/de\/produkt\/abdeckung-rinne-infrabel-innen\/","title":{"rendered":"Abdeckung &#8211; Rinne Infrabel Innen"},"content":{"rendered":"<p>Reprocover-Produkte werden aus RTS (Recycled Duroplast Plastics) hergestellt. Diese Recyclingl\u00f6sung bietet eine Alternative zu Beton oder Verbundwerkstoffen und bietet ein nachhaltiges und zirkul\u00e4res Produkt.<\/p>\n","protected":false},"excerpt":{"rendered":"<p>Die Innenabdeckung von Infrabel ist f\u00fcr die Verwendung in einer zweist\u00f6ckigen Infrabel-Rinne konzipiert. Sch\u00fctzt Kabel vor \u00e4u\u00dferem Kontakt.<\/p>\n","protected":false},"featured_media":11366,"comment_status":"closed","ping_status":"closed","template":"","meta":[],"product_brand":[],"product_cat":[221],"product_tag":[225,226,227,223],"class_list":{"0":"post-11636","1":"product","2":"type-product","3":"status-publish","4":"has-post-thumbnail","6":"product_cat-rinne","7":"product_tag-abdeckung","8":"product_tag-infrabel-de","9":"product_tag-innen","10":"product_tag-rinne","12":"first","13":"instock","14":"shipping-taxable","15":"product-type-simple"},"_links":{"self":[{"href":"https:\/\/reprocover.eu\/de\/wp-json\/wp\/v2\/product\/11636","targetHints":{"allow":["GET"]}}],"collection":[{"href":"https:\/\/reprocover.eu\/de\/wp-json\/wp\/v2\/product"}],"about":[{"href":"https:\/\/reprocover.eu\/de\/wp-json\/wp\/v2\/types\/product"}],"replies":[{"embeddable":true,"href":"https:\/\/reprocover.eu\/de\/wp-json\/wp\/v2\/comments?post=11636"}],"wp:featuredmedia":[{"embeddable":true,"href":"https:\/\/reprocover.eu\/de\/wp-json\/wp\/v2\/media\/11366"}],"wp:attachment":[{"href":"https:\/\/reprocover.eu\/de\/wp-json\/wp\/v2\/media?parent=11636"}],"wp:term":[{"taxonomy":"product_brand","embeddable":true,"href":"https:\/\/reprocover.eu\/de\/wp-json\/wp\/v2\/product_brand?post=11636"},{"taxonomy":"product_cat","embeddable":true,"href":"https:\/\/reprocover.eu\/de\/wp-json\/wp\/v2\/product_cat?post=11636"},{"taxonomy":"product_tag","embeddable":true,"href":"https:\/\/reprocover.eu\/de\/wp-json\/wp\/v2\/product_tag?post=11636"}],"curies":[{"name":"wp","href":"https:\/\/api.w.org\/{rel}","templated":true}]}}