{"id":11635,"date":"2022-12-29T10:48:42","date_gmt":"2022-12-29T09:48:42","guid":{"rendered":"https:\/\/dev.reprocover.eu\/product\/abdeckung-prorail\/"},"modified":"2023-03-21T14:01:39","modified_gmt":"2023-03-21T13:01:39","slug":"abdeckung-prorail","status":"publish","type":"product","link":"https:\/\/reprocover.eu\/de\/produkt\/abdeckung-prorail\/","title":{"rendered":"Abdeckung ProRail"},"content":{"rendered":"<p>Reprocover-Produkte werden aus RTS (Recycled Duroplast Plastics) hergestellt. Diese Recyclingl\u00f6sung bietet eine Alternative zu Beton oder Verbundwerkstoffen und bietet ein nachhaltiges und zirkul\u00e4res Produkt.<\/p>\n","protected":false},"excerpt":{"rendered":"<p>Die ProRail-Abdeckung kann \u00fcber Kabeldurchf\u00fchrungen platziert werden, kann aber auch als \u00dcberweg verwendet werden. Sie kann leicht an unterirdische und oberirdische Installationen angepasst werden.<\/p>\n","protected":false},"featured_media":11222,"comment_status":"closed","ping_status":"closed","template":"","meta":[],"product_brand":[],"product_cat":[221],"product_tag":[225,222],"class_list":{"0":"post-11635","1":"product","2":"type-product","3":"status-publish","4":"has-post-thumbnail","6":"product_cat-rinne","7":"product_tag-abdeckung","8":"product_tag-prorail-de","10":"first","11":"instock","12":"shipping-taxable","13":"product-type-simple"},"_links":{"self":[{"href":"https:\/\/reprocover.eu\/de\/wp-json\/wp\/v2\/product\/11635","targetHints":{"allow":["GET"]}}],"collection":[{"href":"https:\/\/reprocover.eu\/de\/wp-json\/wp\/v2\/product"}],"about":[{"href":"https:\/\/reprocover.eu\/de\/wp-json\/wp\/v2\/types\/product"}],"replies":[{"embeddable":true,"href":"https:\/\/reprocover.eu\/de\/wp-json\/wp\/v2\/comments?post=11635"}],"wp:featuredmedia":[{"embeddable":true,"href":"https:\/\/reprocover.eu\/de\/wp-json\/wp\/v2\/media\/11222"}],"wp:attachment":[{"href":"https:\/\/reprocover.eu\/de\/wp-json\/wp\/v2\/media?parent=11635"}],"wp:term":[{"taxonomy":"product_brand","embeddable":true,"href":"https:\/\/reprocover.eu\/de\/wp-json\/wp\/v2\/product_brand?post=11635"},{"taxonomy":"product_cat","embeddable":true,"href":"https:\/\/reprocover.eu\/de\/wp-json\/wp\/v2\/product_cat?post=11635"},{"taxonomy":"product_tag","embeddable":true,"href":"https:\/\/reprocover.eu\/de\/wp-json\/wp\/v2\/product_tag?post=11635"}],"curies":[{"name":"wp","href":"https:\/\/api.w.org\/{rel}","templated":true}]}}