{"id":11693,"date":"2023-01-24T10:41:01","date_gmt":"2023-01-24T09:41:01","guid":{"rendered":"https:\/\/dev.reprocover.eu\/politique-de-confidentialite\/"},"modified":"2023-04-14T09:13:55","modified_gmt":"2023-04-14T07:13:55","slug":"politique-de-confidentialite","status":"publish","type":"page","link":"https:\/\/reprocover.eu\/de\/politique-de-confidentialite\/","title":{"rendered":"Datenschutzrichtlinie"},"content":{"rendered":"\n<h3 class=\"wp-block-heading\">Einleitung<\/h3>\n\n\n\n<p>Im Rahmen seiner Gesch\u00e4ftst\u00e4tigkeit muss das Unternehmen Reprocover mit Sitz in Avenue Andr\u00e9 Ernst 19, 4800 Verviers &#8211; Belgien, Informationen sammeln und verarbeiten, von denen einige als &#8222;pers\u00f6nliche Daten&#8220; bezeichnet werden. Reprocover legt gro\u00dfen Wert auf den Schutz der Privatsph\u00e4re und verwendet Daten nur auf verantwortungsvolle und vertrauliche Weise und zu einem bestimmten Zweck.<\/p>\n\n\n\n<p><strong>Pers\u00f6nliche Daten<\/strong><\/p>\n\n\n\n<p>Auf der Website https:\/\/reprocover.eu gibt es 2 Arten von Daten, die gesammelt werden k\u00f6nnen:<\/p>\n\n\n\n<ul class=\"wp-block-list\">\n<li><strong>Direkt \u00fcbermittelte Daten<\/strong><br>Dies sind die Daten, die Sie uns direkt \u00fcbermitteln, entweder \u00fcber ein Kontaktformular oder durch direkten Kontakt per E-Mail.<\/li>\n\n\n\n<li><strong>Die automatisch gesammelten Daten<\/strong><br>Bei Ihren Besuchen k\u00f6nnen wir nach Ihrer Zustimmung Informationen des Typs &#8222;Web Analytics&#8220; \u00fcber Ihre Navigation, die Dauer Ihres Besuchs, Ihre IP-Adresse, den Typ und die Version Ihres Browsers sammeln. Die verwendete Technologie ist ein Cookie.<\/li>\n<\/ul>\n\n\n\n<p><strong>Verwendung von Daten<\/strong><\/p>\n\n\n\n<p>Die Daten, die Sie uns direkt \u00fcbermitteln, werden zum Zweck der erneuten Kontaktaufnahme mit Ihnen und\/oder im Rahmen der von Ihnen gestellten Anfrage verwendet. Web-Analytics-Daten werden in anonymer Form (durch die Aufzeichnung anonymer IP-Adressen) von Google Analytics gesammelt und erm\u00f6glichen es uns, das Publikum unserer Website, die Zugriffe und m\u00f6gliche Fehler zu messen, um die Nutzererfahrung st\u00e4ndig zu verbessern. Diese Daten werden von Reprocover, dem Verantwortlichen f\u00fcr die Datenverarbeitung, verwendet und werden niemals an Dritte weitergegeben oder f\u00fcr andere Zwecke als die oben beschriebenen verwendet.<\/p>\n\n\n\n<p><strong>Gesetzliche Grundlage<\/strong><\/p>\n\n\n\n<p>Personenbezogene Daten werden nur nach der obligatorischen Zustimmung des Nutzers gesammelt. Diese Zustimmung muss rechtsg\u00fcltig eingeholt werden (Schaltfl\u00e4chen und K\u00e4stchen zum Ankreuzen), frei, klar und unmissverst\u00e4ndlich sein.<\/p>\n\n\n\n<p><strong>Dauer der Speicherung<\/strong><\/p>\n\n\n\n<p>Die Daten werden maximal drei Jahre lang gespeichert.<\/p>\n\n\n\n<p><strong>Cookies<\/strong><\/p>\n\n\n\n<p>Wir verwenden Cookies, um die auf unserer Website angebotenen Dienste und Funktionen bereitzustellen und um die Erfahrungen unserer Nutzer zu verbessern. Cookies sind Daten, die auf Ihren Computer oder ein anderes Ger\u00e4t heruntergeladen oder dort gespeichert werden.<\/p>\n\n\n\n<p>Weitere Informationen \u00fcber die Verwendung von Cookies auf dieser Website finden Sie auf unserer Seite zu den Cookie-Richtlinien.<\/p>\n\n\n\n<p><strong>Von anderen Websites eingebettete Inhalte<\/strong><\/p>\n\n\n\n<p>Die Artikel und Seiten dieser Website k\u00f6nnen eingebettete Inhalte enthalten (z. B. Videos, Bilder, Artikel \u2026). Von anderen Websites eingebettete Inhalte verhalten sich genauso, als w\u00fcrde der Besucher diese andere Website besuchen.<br>Diese Websites k\u00f6nnten Daten \u00fcber Sie sammeln, Cookies verwenden, Tracking-Tools von Drittanbietern einbetten und Ihre Interaktionen mit diesen eingebetteten Inhalten verfolgen, wenn Sie ein eingeloggtes Konto auf ihrer Website haben.<\/p>\n\n\n\n<p><strong>Ihre Rechte in Bezug auf personenbezogene Daten<\/strong><\/p>\n\n\n\n<p>Sie haben das Recht, alle Ihre personenbezogenen Daten einzusehen, eine \u00c4nderung oder L\u00f6schung zu beantragen. Sie k\u00f6nnen auch Ihre Zustimmung zur Verarbeitung Ihrer Daten widerrufen.<\/p>\n\n\n\n<p><strong>Kontakt Datenschutzbeauftragter<\/strong><\/p>\n\n\n\n<p>Charles G\u00f6bbels \u2013&nbsp;<a href=\"mailto:info@reprocover.eu\">info@reprocover.eu<\/a><\/p>\n","protected":false},"excerpt":{"rendered":"<p>Einleitung Im Rahmen seiner Gesch\u00e4ftst\u00e4tigkeit muss das Unternehmen Reprocover mit Sitz in Avenue Andr\u00e9 Ernst 19, 4800 Verviers &#8211; Belgien, Informationen sammeln und verarbeiten, von denen einige als &#8222;pers\u00f6nliche Daten&#8220; bezeichnet werden. Reprocover legt gro\u00dfen Wert auf den Schutz der [&hellip;]<\/p>\n","protected":false},"author":1,"featured_media":0,"parent":0,"menu_order":0,"comment_status":"closed","ping_status":"closed","template":"","meta":{"footnotes":""},"class_list":["post-11693","page","type-page","status-publish","hentry"],"_links":{"self":[{"href":"https:\/\/reprocover.eu\/de\/wp-json\/wp\/v2\/pages\/11693","targetHints":{"allow":["GET"]}}],"collection":[{"href":"https:\/\/reprocover.eu\/de\/wp-json\/wp\/v2\/pages"}],"about":[{"href":"https:\/\/reprocover.eu\/de\/wp-json\/wp\/v2\/types\/page"}],"author":[{"embeddable":true,"href":"https:\/\/reprocover.eu\/de\/wp-json\/wp\/v2\/users\/1"}],"replies":[{"embeddable":true,"href":"https:\/\/reprocover.eu\/de\/wp-json\/wp\/v2\/comments?post=11693"}],"version-history":[{"count":3,"href":"https:\/\/reprocover.eu\/de\/wp-json\/wp\/v2\/pages\/11693\/revisions"}],"predecessor-version":[{"id":11701,"href":"https:\/\/reprocover.eu\/de\/wp-json\/wp\/v2\/pages\/11693\/revisions\/11701"}],"wp:attachment":[{"href":"https:\/\/reprocover.eu\/de\/wp-json\/wp\/v2\/media?parent=11693"}],"curies":[{"name":"wp","href":"https:\/\/api.w.org\/{rel}","templated":true}]}}